{"id":133,"date":"2013-08-06T16:46:13","date_gmt":"2013-08-06T16:46:13","guid":{"rendered":"http:\/\/doctor.madza-wordpress-premium-themes.com\/?page_id=6"},"modified":"2017-05-05T17:13:11","modified_gmt":"2017-05-05T17:13:11","slug":"homepage","status":"publish","type":"page","link":"http:\/\/cirugiaplasticabertera.com\/","title":{"rendered":"Homepage"},"content":{"rendered":"<div class=\"mt_style_row \" style='  text-align:left;'><div class=\"container mt-madza-container\"><div class=\"row\">\n\t<div class=\"vc_col-sm-12 wpb_column vc_column_container \">\n\t\t<div class=\"wpb_wrapper\">\n\t\t\t<div class=\"wpb_layerslider_element wpb_content_element\"><script type=\"text\/javascript\">var lsjQuery = jQuery;<\/script><script type=\"text\/javascript\">\r\nlsjQuery(document).ready(function() {\r\n                if(typeof lsjQuery.fn.layerSlider == \"undefined\") { lsShowNotice('layerslider_3_1777543137_1','jquery'); }\r\n                    else if(typeof lsjQuery.transit == \"undefined\" || typeof lsjQuery.transit.modifiedForLayerSlider == \"undefined\") { lsShowNotice('layerslider_3_1777543137_1', 'transit'); }\r\n                        else {\r\n                            lsjQuery(\"#layerslider_3_1777543137_1\").layerSlider({\r\n                                width : '1600px',\r\n                                height : '350px',\r\n                                responsive : true,\r\n                                responsiveUnder : 0,\r\n                                sublayerContainer : 0,\r\n                                autoStart : true,\r\n                                pauseOnHover : true,\r\n                                firstLayer : 1,\r\n                                animateFirstLayer : true,\r\n                                randomSlideshow : false,\r\n                                twoWaySlideshow : true,\r\n                                loops : 0,\r\n                                forceLoopNum : true,\r\n                                autoPlayVideos : true,\r\n                                autoPauseSlideshow : 'auto',\r\n                                youtubePreview : 'maxresdefault.jpg',\r\n                                keybNav : true,\r\n                                touchNav : true,\r\n                                skin : 'lightskin',\r\n                                skinsPath : 'http:\/\/cirugiaplasticabertera.com\/wp-content\/plugins\/LayerSlider\/skins\/',\r\nglobalBGColor : 'transparent',\r\nnavPrevNext : true,\r\n                                navStartStop : true,\r\n                                navButtons : false,\r\n                                hoverPrevNext : true,\r\n                                hoverBottomNav : false,\r\n                                showBarTimer : false,\r\n                                showCircleTimer : true,\r\n                                thumbnailNavigation : 'disabled',\r\n                                tnWidth : 100,\r\n                                tnHeight : 60,\r\n                                tnContainerWidth : '60%',\r\n                                tnActiveOpacity : 35,\r\n                                tnInactiveOpacity : 100,\r\n                                imgPreload : true,\r\n                        \t\tyourLogo : false,\r\n                                yourLogoStyle : 'left: 10px; top: 10px;',\r\n                                yourLogoLink : false,\r\n                                yourLogoTarget : '_self',\r\n                                cbInit : function(element) { },\r\n                                cbStart : function(data) { },\r\n                                cbStop : function(data) { },\r\n                                cbPause : function(data) { },\r\n                                cbAnimStart : function(data) { },\r\n                                cbAnimStop : function(data) { },\r\n                                cbPrev : function(data) { },\r\n                                cbNext : function(data) { }\r\n                            });\r\n                        }\r\n            });\r\n        <\/script><div class=\"ls-wp-fullwidth-container\"><div class=\"ls-wp-fullwidth-helper\"><div id=\"layerslider_3_1777543137_1\" class=\"ls-wp-container\" style=\"width: 1600px; height: 350px; margin: 0px auto; \"><div class=\"ls-layer\"  style=\"slidedirection: right; slidedelay: 6000; durationin: 1500; durationout: 1500; easingin: easeInOutQuint; easingout: easeInOutQuint; delayin: 0; delayout: 0; timeshift: 0; transition2d: all; \"><img decoding=\"async\" src=\"http:\/\/cirugiaplasticabertera.com\/wp-content\/uploads\/2015\/04\/Banner-promo-first.png\" class=\"ls-bg\" alt=\"Slide background\"><a href=\"?page_id=59\" target=\"_self\"   class=\"ls-s-1\"  style=\"position: absolute; top: 244px; left:1200px; display: block; slidedirection : bottom; slideoutdirection : bottom; durationin : 1000; durationout : 1000; easingin : easeInOutQuint; easingout : easeInOutQuint; delayin : 1300; delayout : 0; showuntil : 0\"><img decoding=\"async\" src=\"http:\/\/cirugiaplasticabertera.com\/wp-content\/uploads\/2015\/04\/promo-verano-btn.png\"  style=\"\"><\/a><a href=\"?page_id=59\" target=\"_self\" class=\"ls-link\"><\/a><\/div><div class=\"ls-layer\"  style=\"slidedirection: right; slidedelay: 8000; durationin: 1500; durationout: 1500; easingin: easeInOutQuint; easingout: easeInOutQuint; delayin: 0; delayout: 0; timeshift: 0; transition2d: all; \"><img decoding=\"async\" src=\"http:\/\/cirugiaplasticabertera.com\/wp-content\/uploads\/2015\/04\/slider1-BG2.jpg\" class=\"ls-bg\" alt=\"Slide background\"><img decoding=\"async\" class=\"ls-s-1\"  src=\"http:\/\/cirugiaplasticabertera.com\/wp-content\/uploads\/2015\/04\/slider1-1.png\"  style=\"position: absolute; top: 22px; left: 609px; slidedirection : top;   durationin : 1000; durationout : 1000; easingin : easeInOutQuint; easingout : easeInOutQuint; delayin : 1500; delayout : 0; showuntil : 0; \"><img decoding=\"async\" class=\"ls-s-1\"  src=\"http:\/\/cirugiaplasticabertera.com\/wp-content\/uploads\/2015\/04\/slider1-2.png\"  style=\"position: absolute; top: 6px; left: 85px; slidedirection : left;   durationin : 1000; durationout : 1000; easingin : easeInOutQuint; easingout : easeInOutQuint; delayin : 2500; delayout : 0; showuntil : 0; \"><a href=\"?our-services=otoplastia-cirugia-estetica-de-orejas\" target=\"_self\"   class=\"ls-s-1\"  style=\"position: absolute; top: 190px; left:792px; display: block;   durationin : 1000; durationout : 1000; easingin : easeInOutQuint; easingout : easeInOutQuint; delayin : 4600; delayout : 0; showuntil : 0\"><img decoding=\"async\" src=\"http:\/\/cirugiaplasticabertera.com\/wp-content\/uploads\/2015\/04\/slider1-10.fw_.png\"  style=\"\"><\/a><a href=\"?our-services=blefaroplastia\" target=\"_self\"   class=\"ls-s-1\"  style=\"position: absolute; top: 112px; left:710px; display: block;   durationin : 1000; durationout : 1000; easingin : easeInOutQuint; easingout : easeInOutQuint; delayin : 4000; delayout : 0; showuntil : 0\"><img decoding=\"async\" src=\"http:\/\/cirugiaplasticabertera.com\/wp-content\/uploads\/2015\/04\/slider1-9.fw_.png\"  style=\"\"><\/a><a href=\"?our-services=lifting-facial\" target=\"_self\"   class=\"ls-s-1\"  style=\"position: absolute; top: 153px; left:753px; display: block;   durationin : 1000; durationout : 1000; easingin : easeInOutQuint; easingout : easeInOutQuint; delayin : 4300; delayout : 0; showuntil : 0\"><img decoding=\"async\" src=\"http:\/\/cirugiaplasticabertera.com\/wp-content\/uploads\/2015\/04\/slider1-5.png\"  style=\"\"><\/a><a href=\"?our-services=rinoplastia-cirugia-de-nariz\" target=\"_self\"   class=\"ls-s-1\"  style=\"position: absolute; top: 231px; left:836px; display: block;   durationin : 1000; durationout : 1000; easingin : easeInOutQuint; easingout : easeInOutQuint; delayin : 4900; delayout : 0; showuntil : 0\"><img decoding=\"async\" src=\"http:\/\/cirugiaplasticabertera.com\/wp-content\/uploads\/2015\/04\/slider1-8.fw_.png\"  style=\"\"><\/a><a href=\"?our-services=bichectomia\" target=\"_self\"   class=\"ls-s-1\"  style=\"position: absolute; top: 271px; left:882px; display: block;   durationin : 1000; durationout : 1000; easingin : easeInOutQuint; easingout : easeInOutQuint; delayin : 5200; delayout : 0; showuntil : 0\"><img decoding=\"async\" src=\"http:\/\/cirugiaplasticabertera.com\/wp-content\/uploads\/2015\/04\/slider1-6.png\"  style=\"\"><\/a><\/div><div class=\"ls-layer\"  style=\"slidedirection: right; slidedelay: 8000; durationin: 1500; durationout: 1500; easingin: easeInOutQuint; easingout: easeInOutQuint; delayin: 0; delayout: 0; timeshift: 0; transition2d: all; \"><img decoding=\"async\" src=\"http:\/\/cirugiaplasticabertera.com\/wp-content\/uploads\/2015\/04\/slider4-BG.jpg\" class=\"ls-bg\" alt=\"Slide background\"><img decoding=\"async\" class=\"ls-s-1\"  src=\"http:\/\/cirugiaplasticabertera.com\/wp-content\/uploads\/2015\/04\/slider3-1.png\"  style=\"position: absolute; top: 21px; left: 775px; slidedirection : top;   durationin : 1000; durationout : 1000; easingin : easeInOutQuint; easingout : easeInOutQuint; delayin : 1500; delayout : 0; showuntil : 0; \"><img decoding=\"async\" class=\"ls-s-1\"  src=\"http:\/\/cirugiaplasticabertera.com\/wp-content\/uploads\/2015\/04\/slider3-img.png\"  style=\"position: absolute; top: 2px; left: -1px; slidedirection : left;   durationin : 1000; durationout : 1000; easingin : easeInOutQuint; easingout : easeInOutQuint; delayin : 2000; delayout : 0; showuntil : 0; \"><a href=\"?our-services=inclusion-protesis-mamaria\" target=\"_self\"   class=\"ls-s-1\"  style=\"position: absolute; top: 127px; left:790px; display: block;   durationin : 1000; durationout : 1000; easingin : easeInOutQuint; easingout : easeInOutQuint; delayin : 3500; delayout : 0; showuntil : 0\"><img decoding=\"async\" src=\"http:\/\/cirugiaplasticabertera.com\/wp-content\/uploads\/2015\/04\/slider3-2.png\"  style=\"\"><\/a><a href=\"?our-services=mamoplastia-reductiva\" target=\"_self\"   class=\"ls-s-1\"  style=\"position: absolute; top: 184px; left:821px; display: block;   durationin : 1000; durationout : 1000; easingin : easeInOutQuint; easingout : easeInOutQuint; delayin : 3800; delayout : 0; showuntil : 0\"><img decoding=\"async\" src=\"http:\/\/cirugiaplasticabertera.com\/wp-content\/uploads\/2015\/04\/slider3-3.png\"  style=\"\"><\/a><a href=\"?our-services=pexia-mamaria-levantamiento\" target=\"_self\"   class=\"ls-s-1\"  style=\"position: absolute; top: 238px; left:851px; display: block;   durationin : 1000; durationout : 1000; easingin : easeInOutQuint; easingout : easeInOutQuint; delayin : 4100; delayout : 0; showuntil : 0\"><img decoding=\"async\" src=\"http:\/\/cirugiaplasticabertera.com\/wp-content\/uploads\/2015\/04\/slider3-4.png\"  style=\"\"><\/a><\/div><div class=\"ls-layer\"  style=\"slidedirection: right; slidedelay: 8000; durationin: 1500; durationout: 1500; easingin: easeInOutQuint; easingout: easeInOutQuint; delayin: 0; delayout: 0; timeshift: 0; transition2d: all; \"><img decoding=\"async\" src=\"http:\/\/cirugiaplasticabertera.com\/wp-content\/uploads\/2015\/04\/slider1-BG2.jpg\" class=\"ls-bg\" alt=\"Slide background\"><img decoding=\"async\" class=\"ls-s-1\"  src=\"http:\/\/cirugiaplasticabertera.com\/wp-content\/uploads\/2015\/04\/slider2-1.png\"  style=\"position: absolute; top: -2px; left: 621px; slidedirection : fade;   durationin : 1000; durationout : 1000; easingin : easeInOutQuint; easingout : easeInOutQuint; delayin : 1500; delayout : 0; showuntil : 0; \"><a href=\"?our-services=liposuccion\" target=\"_self\"   class=\"ls-s-1\"  style=\"position: absolute; top: 254px; left:827px; display: block;   durationin : 1000; durationout : 1000; easingin : easeInOutQuint; easingout : easeInOutQuint; delayin : 4200; delayout : 0; showuntil : 0\"><img decoding=\"async\" src=\"http:\/\/cirugiaplasticabertera.com\/wp-content\/uploads\/2015\/04\/slider2-7.fw_.png\"  style=\"\"><\/a><img decoding=\"async\" class=\"ls-s-1\"  src=\"http:\/\/cirugiaplasticabertera.com\/wp-content\/uploads\/2015\/04\/slider2-2.png\"  style=\"position: absolute; top: 0px; left: 92px; slidedirection : fade;   durationin : 1000; durationout : 1000; easingin : easeInOutQuint; easingout : easeInOutQuint; delayin : 2000; delayout : 0; showuntil : 0; \"><a href=\"?our-services=braquioplastia-lifting-de-brazos\" target=\"_self\"   class=\"ls-s-1\"  style=\"position: absolute; top: 128px; left:685px; display: block;   durationin : 1000; durationout : 1000; easingin : easeInOutQuint; easingout : easeInOutQuint; delayin : 3800; delayout : 0; showuntil : 0\"><img decoding=\"async\" src=\"http:\/\/cirugiaplasticabertera.com\/wp-content\/uploads\/2015\/04\/slider2-6.fw_.png\"  style=\"\"><\/a><a href=\"?our-services=dermolipectomia-abdominal\" target=\"_self\"   class=\"ls-s-1\"  style=\"position: absolute; top: 171px; left:731px; display: block;   durationin : 1000; durationout : 1000; easingin : easeInOutQuint; easingout : easeInOutQuint; delayin : 4000; delayout : 0; showuntil : 0\"><img decoding=\"async\" src=\"http:\/\/cirugiaplasticabertera.com\/wp-content\/uploads\/2015\/04\/slider2-4.png\"  style=\"\"><\/a><a href=\"?our-services=lifting-de-muslo\" target=\"_self\"   class=\"ls-s-1\"  style=\"position: absolute; top: 213px; left:783px; display: block;   durationin : 1000; durationout : 1000; easingin : easeInOutQuint; easingout : easeInOutQuint; delayin : 4300; delayout : 0; showuntil : 0\"><img decoding=\"async\" src=\"http:\/\/cirugiaplasticabertera.com\/wp-content\/uploads\/2015\/04\/slider2-8.fw_.png\"  style=\"\"><\/a><\/div><div class=\"ls-layer\"  style=\"slidedirection: right; slidedelay: 6000; durationin: 1500; durationout: 1500; easingin: easeInOutQuint; easingout: easeInOutQuint; delayin: 0; delayout: 0; timeshift: 0; transition2d: all; \"><img decoding=\"async\" src=\"http:\/\/cirugiaplasticabertera.com\/wp-content\/uploads\/2015\/04\/slider4-BG.jpg\" class=\"ls-bg\" alt=\"Slide background\"><img decoding=\"async\" class=\"ls-s-1\"  src=\"http:\/\/cirugiaplasticabertera.com\/wp-content\/uploads\/2015\/04\/slider4-1.png\"  style=\"position: absolute; top: 16px; left: 698px;    durationin : 1000; durationout : 1000; easingin : easeInOutQuint; easingout : easeInOutQuint; delayin : 1500; delayout : 0; showuntil : 0; \"><img decoding=\"async\" class=\"ls-s-1\"  src=\"http:\/\/cirugiaplasticabertera.com\/wp-content\/uploads\/2015\/04\/slider4-4.png\"  style=\"position: absolute; top: -9px; left: 61px;    durationin : 1000; durationout : 1000; easingin : easeInOutQuint; easingout : easeInOutQuint; delayin : 2000; delayout : 0; showuntil : 0; \"><a href=\"?our-services=implante-gluteos\" target=\"_self\"   class=\"ls-s-1\"  style=\"position: absolute; top: 144px; left:677px; display: block;   durationin : 1000; durationout : 1000; easingin : easeInOutQuint; easingout : easeInOutQuint; delayin : 3500; delayout : 0; showuntil : 0\"><img decoding=\"async\" src=\"http:\/\/cirugiaplasticabertera.com\/wp-content\/uploads\/2015\/04\/slider4-2.fw_.png\"  style=\"\"><\/a><a href=\"?our-services=lipofilling-gluteo\" target=\"_self\"   class=\"ls-s-1\"  style=\"position: absolute; top: 223px; left:726px; display: block;   durationin : 1000; durationout : 1000; easingin : easeInOutQuint; easingout : easeInOutQuint; delayin : 3800; delayout : 0; showuntil : 0\"><img decoding=\"async\" src=\"http:\/\/cirugiaplasticabertera.com\/wp-content\/uploads\/2015\/04\/lipoFillingGluteo-New.png\"  style=\"\"><\/a><\/div><\/div><\/div><\/div><\/div>\n<div class=\"vc_empty_space\"  style=\"height: 20px\" ><span class=\"vc_empty_space_inner\"><\/span><\/div>\r\n\n\n\t\t<\/div> \n\t<\/div> \n<\/div><\/div><\/div><div class=\"mt_style_row \" style=' background-image:url(http:\/\/cirugiaplasticabertera.com\/wp-content\/uploads\/2013\/08\/light_wool.png); padding-top:10px;  padding-bottom:-29px;  text-align:left;'><div class=\"container mt-madza-container\"><div class=\"row\">\n\t<div class=\"vc_col-sm-12 wpb_column vc_column_container \">\n\t\t<div class=\"wpb_wrapper\">\n\t\t\t<div class=\"row grid box-isotop cs-style-3\"><div class=\"col-lg-4 col-md-4 col-sm-6 wpb_animate_when_almost_visible wpb_top-to-bottom sorting box-isotop-in \" data-category=\"portfolio\">\r\n\t\t\t\t\t\t  <figure>\r\n\t\t\t\t\t\t\t\t<a href=\"http:\/\/cirugiaplasticabertera.com\/?our-services=braquioplastia-lifting-de-brazos\"><img loading=\"lazy\" decoding=\"async\" width=\"300\" height=\"150\" src=\"http:\/\/cirugiaplasticabertera.com\/wp-content\/uploads\/bfi_thumb\/braquioplastia2-3k7x1p26ztowrbde0q9c74.jpg\" class=\"attachment-300x150x1 size-300x150x1 wp-post-image\" alt=\"\" \/><\/a>\r\n\t\t\t\t\t\t\t\t<figcaption>\r\n\t\t\t\t\t\t\t\t\t<h3><i class=\"\"><\/i> Braquioplast\u00eda | Lifting de Brazos<\/h3>\r\n\t\t\t\t\t\t\t\t\t<p>Conoce todo sobre el lifting de brazos o braquioplastia Con el paso de...<\/p>\r\n\t\t\t\t\t\t\t\t\t<a href=\"http:\/\/cirugiaplasticabertera.com\/?our-services=braquioplastia-lifting-de-brazos\">Ver m\u00e1s<\/a>\r\n\t\t\t\t\t\t\t\t\r\n\t\t\t\t\t\t\t\t<\/figcaption>\r\n\t\t\t\t\t\t\t<\/figure><\/div><div class=\"col-lg-4 col-md-4 col-sm-6 wpb_animate_when_almost_visible wpb_top-to-bottom sorting box-isotop-in \" data-category=\"portfolio\">\r\n\t\t\t\t\t\t  <figure>\r\n\t\t\t\t\t\t\t\t<a href=\"http:\/\/cirugiaplasticabertera.com\/?our-services=dermolipectomia-abdominal\"><img loading=\"lazy\" decoding=\"async\" width=\"300\" height=\"150\" src=\"http:\/\/cirugiaplasticabertera.com\/wp-content\/uploads\/bfi_thumb\/dermolipectomia1.fw_-3k7x1qbfer0sjsu3ve3w8w.png\" class=\"attachment-300x150x1 size-300x150x1 wp-post-image\" alt=\"\" \/><\/a>\r\n\t\t\t\t\t\t\t\t<figcaption>\r\n\t\t\t\t\t\t\t\t\t<h3><i class=\"\"><\/i> Dermolipectom\u00eda Abdominal<\/h3>\r\n\t\t\t\t\t\t\t\t\t<p>\u00bfQu\u00e9 es la abdominoplastia? La abdominoplastia es un procedimiento q...<\/p>\r\n\t\t\t\t\t\t\t\t\t<a href=\"http:\/\/cirugiaplasticabertera.com\/?our-services=dermolipectomia-abdominal\">Ver m\u00e1s<\/a>\r\n\t\t\t\t\t\t\t\t\r\n\t\t\t\t\t\t\t\t<\/figcaption>\r\n\t\t\t\t\t\t\t<\/figure><\/div><div class=\"col-lg-4 col-md-4 col-sm-6 wpb_animate_when_almost_visible wpb_top-to-bottom sorting box-isotop-in \" data-category=\"portfolio\">\r\n\t\t\t\t\t\t  <figure>\r\n\t\t\t\t\t\t\t\t<a href=\"http:\/\/cirugiaplasticabertera.com\/?our-services=implante-gluteos\"><img loading=\"lazy\" decoding=\"async\" width=\"300\" height=\"150\" src=\"http:\/\/cirugiaplasticabertera.com\/wp-content\/uploads\/bfi_thumb\/lipofilling-gluteos2-3k7x1t2xx6qxov9acg6bk0.jpg\" class=\"attachment-300x150x1 size-300x150x1 wp-post-image\" alt=\"\" \/><\/a>\r\n\t\t\t\t\t\t\t\t<figcaption>\r\n\t\t\t\t\t\t\t\t\t<h3><i class=\"\"><\/i> Implante de Gluteos<\/h3>\r\n\t\t\t\t\t\t\t\t\t<p>Aumento de gl\u00fateos Tambi\u00e9n conocido como brazilian butt lift o impla...<\/p>\r\n\t\t\t\t\t\t\t\t\t<a href=\"http:\/\/cirugiaplasticabertera.com\/?our-services=implante-gluteos\">Ver m\u00e1s<\/a>\r\n\t\t\t\t\t\t\t\t\r\n\t\t\t\t\t\t\t\t<\/figcaption>\r\n\t\t\t\t\t\t\t<\/figure><\/div><div class=\"col-lg-4 col-md-4 col-sm-6 wpb_animate_when_almost_visible wpb_top-to-bottom sorting box-isotop-in \" data-category=\"portfolio\">\r\n\t\t\t\t\t\t  <figure>\r\n\t\t\t\t\t\t\t\t<a href=\"http:\/\/cirugiaplasticabertera.com\/?our-services=rinoplastia-cirugia-de-nariz\"><img loading=\"lazy\" decoding=\"async\" width=\"300\" height=\"150\" src=\"http:\/\/cirugiaplasticabertera.com\/wp-content\/uploads\/bfi_thumb\/rinplastia2-3k7x1mxaoumpihokh046ww.jpg\" class=\"attachment-300x150x1 size-300x150x1 wp-post-image\" alt=\"\" \/><\/a>\r\n\t\t\t\t\t\t\t\t<figcaption>\r\n\t\t\t\t\t\t\t\t\t<h3><i class=\"\"><\/i> Rinoplast\u00eda | Cirug\u00eda de Nariz<\/h3>\r\n\t\t\t\t\t\t\t\t\t<p>&nbsp; La rinoplastia es la cirug\u00eda que modifica la forma de la nariz...<\/p>\r\n\t\t\t\t\t\t\t\t\t<a href=\"http:\/\/cirugiaplasticabertera.com\/?our-services=rinoplastia-cirugia-de-nariz\">Ver m\u00e1s<\/a>\r\n\t\t\t\t\t\t\t\t\r\n\t\t\t\t\t\t\t\t<\/figcaption>\r\n\t\t\t\t\t\t\t<\/figure><\/div><div class=\"col-lg-4 col-md-4 col-sm-6 wpb_animate_when_almost_visible wpb_top-to-bottom sorting box-isotop-in \" data-category=\"portfolio\">\r\n\t\t\t\t\t\t  <figure>\r\n\t\t\t\t\t\t\t\t<a href=\"http:\/\/cirugiaplasticabertera.com\/?our-services=liposuccion\"><img loading=\"lazy\" decoding=\"async\" width=\"300\" height=\"150\" src=\"http:\/\/cirugiaplasticabertera.com\/wp-content\/uploads\/bfi_thumb\/lipoescultura1-3k7x1stw8lok4rrjkpt0cg.jpg\" class=\"attachment-300x150x1 size-300x150x1 wp-post-image\" alt=\"\" \/><\/a>\r\n\t\t\t\t\t\t\t\t<figcaption>\r\n\t\t\t\t\t\t\t\t\t<h3><i class=\"\"><\/i> Liposucci\u00f3n<\/h3>\r\n\t\t\t\t\t\t\t\t\t<p>&nbsp; Hasta hace pocos a\u00f1os las deformidades por ac\u00famulos grasos lo...<\/p>\r\n\t\t\t\t\t\t\t\t\t<a href=\"http:\/\/cirugiaplasticabertera.com\/?our-services=liposuccion\">Ver m\u00e1s<\/a>\r\n\t\t\t\t\t\t\t\t\r\n\t\t\t\t\t\t\t\t<\/figcaption>\r\n\t\t\t\t\t\t\t<\/figure><\/div><div class=\"col-lg-4 col-md-4 col-sm-6 wpb_animate_when_almost_visible wpb_top-to-bottom sorting box-isotop-in \" data-category=\"portfolio\">\r\n\t\t\t\t\t\t  <figure>\r\n\t\t\t\t\t\t\t\t<a href=\"http:\/\/cirugiaplasticabertera.com\/?our-services=inclusion-protesis-mamaria\"><img loading=\"lazy\" decoding=\"async\" width=\"300\" height=\"150\" src=\"http:\/\/cirugiaplasticabertera.com\/wp-content\/uploads\/bfi_thumb\/mamoplastia-reductiva2-3k7x1tu2yxy2d5qinna96o.jpg\" class=\"attachment-300x150x1 size-300x150x1 wp-post-image\" alt=\"\" \/><\/a>\r\n\t\t\t\t\t\t\t\t<figcaption>\r\n\t\t\t\t\t\t\t\t\t<h3><i class=\"\"><\/i> Inclusi\u00f3n de Protesis Mamaria<\/h3>\r\n\t\t\t\t\t\t\t\t\t<p>&nbsp; El aumento mamario, t\u00e9cnicamente conocido como mamoplastia de ...<\/p>\r\n\t\t\t\t\t\t\t\t\t<a href=\"http:\/\/cirugiaplasticabertera.com\/?our-services=inclusion-protesis-mamaria\">Ver m\u00e1s<\/a>\r\n\t\t\t\t\t\t\t\t\r\n\t\t\t\t\t\t\t\t<\/figcaption>\r\n\t\t\t\t\t\t\t<\/figure><\/div><\/div>\n\t\t<\/div> \n\t<\/div> \n<\/div><div class=\"mt_style_row \" style='background-size: cover;<br \/>\n-webkit-background-size: cover;<br \/>\n-moz-background-size: cover;<br \/>\n-o-background-size: cover; background-image:url(http:\/\/cirugiaplasticabertera.com\/wp-content\/uploads\/2013\/08\/fondo-turno.jpg); padding-top:80px;  padding-bottom:100px;  text-align:left;'>\n\t<div class=\"vc_col-sm-6 wpb_column vc_column_container  vc_custom_1430945335110\">\n\t\t<div class=\"wpb_wrapper\">\n\t\t\t\n\t<div class=\"wpb_text_column wpb_content_element  wpb_animate_when_almost_visible wpb_top-to-bottom\">\n\t\t<div class=\"wpb_wrapper\">\n\t\t\t<h1><span style=\"color: #1d63bf; font-family: sans-serif; text-shadow: 1px 1px 1px #fff;\">Nuevo sistema de Turnos Online<\/span><\/h1>\n<h3 style=\"color: #000; font-family: sans-serif;\">Ingres\u00e1 y solicit\u00e1 un turno completamente online! Ingresas tus datos, seleccionas la fecha y listo!.<\/h3>\n<p><a href=\"http:\/\/cirugiaplasticabertera.com\/?page_id=4137\" style=\"background-color: #5aa1e3;\n    color: #ffffff !important;\n    padding: 11px;\n    margin-top: 10px;\n    border-radius: 5px;\n    float: right;\n    margin-bottom: 10px;\n    margin-right: 15px;\">Turno Online!<\/a><\/h2>\n\n\t\t<\/div> \n\t<\/div> \n\t<div class=\"wpb_raw_code wpb_content_element wpb_raw_html\">\n\t\t<div class=\"wpb_wrapper\">\n\t\t\t\n\t\t<\/div> \n\t<\/div> \n\t\t<\/div> \n\t<\/div> \n\n\t<div class=\"vc_col-sm-6 wpb_column vc_column_container \">\n\t\t<div class=\"wpb_wrapper\">\n\t\t\t\n\t<div class=\"wpb_text_column wpb_content_element \">\n\t\t<div class=\"wpb_wrapper\">\n\t\t\t<p><\/p>\n\n\t\t<\/div> \n\t<\/div> \n\t\t<\/div> \n\t<\/div> \n<\/div>\n","protected":false},"excerpt":{"rendered":"var lsjQuery = jQuery; lsjQuery(document).ready(function() { if(typeof lsjQuery.fn.layerSlider == \"undefined\") { lsShowNotice('layerslider_17','jquery'); } else if(typeof lsjQuery.transit == \"undefined\" || typeof lsjQuery.transit.modifiedForLayerSlider == \"undefined\") { lsShowNotice('layerslider_17', 'transit'); } else { lsjQuery(\"#layerslider_17\").layerSlider({ width : '615px', height : '226px', responsive : true, responsiveUnder : 0, sublayerContainer : 0, autoStart : true, pauseOnHover : true, firstLayer : 1, animateFirstLayer : true, randomSlideshow : false, twoWaySlideshow : true, loops : 0, forceLoopNum : true, autoPlayVideos : true, autoPauseSlideshow : 'auto', youtubePreview : 'maxresdefault.jpg', keybNav : true, touchNav : true, skin : 'borderlesslight3d', skinsPath : 'http:\/\/cirugiaplasticabertera.com\/wp-content\/plugins\/LayerSlider\/skins\/', globalBGColor : 'transparent', navPrevNext : true, navStartStop : true, navButtons : false, hoverPrevNext : true, hoverBottomNav : false, showBarTimer : false, showCircleTimer : true, thumbnailNavigation : 'disabled', tnWidth : 100, tnHeight : 60, tnContainerWidth : '60%', tnActiveOpacity : 35, tnInactiveOpacity : 100, imgPreload : true, yourLogo : false, yourLogoStyle : 'left: 10px; top: 10px;', yourLogoLink : false, yourLogoTarget : '_self', cbInit : function(element) { }, cbStart : function(data) { }, cbStop : function(data) { }, cbPause : function(data) { }, cbAnimStart : function(data) { }, cbAnimStop : function(data) { }, cbPrev : function(data) { }, cbNext : function(data) { } }); } }); &nbsp; El aumento mamario, t\u00e9cnicamente conocido como mamoplastia de aumento, es un procedimiento quir\u00fargico para mejorar el tama\u00f1o y la forma del pecho de la mujer en las siguientes situaciones: para mejorar la silueta de la mujer que piensa que sus pechos son demasiado peque\u00f1os para corregir la reducci\u00f3n del pecho que se produce tras algunos embarazos para corregir una diferencia de tama\u00f1o entre ambas mamas como un procedimiento reconstructivo tras cirug\u00eda de la mama Es posible aumentar el tama\u00f1o del pecho una o varias tallas mediante la introducci\u00f3n de una pr\u00f3tesis debajo de la mama. \u00bfQui\u00e9n es el candidato ideal para someterse a un aumento mamario? Los candidatos ideales para someterse a una cirug\u00eda de mamas son aquellas personas sanas, emocionalmente estables que comprenden los resultados que se pueden obtener tras la cirug\u00eda. Muchas mujeres desean un aumento tras un embarazo o una lactancia que ha dejado vac\u00edo y ca\u00eddo el pecho. Aunque no existe riego [...]","protected":false},"author":1,"featured_media":3585,"parent":0,"menu_order":0,"comment_status":"closed","ping_status":"closed","template":"","meta":{"footnotes":""},"class_list":["post-133","page","type-page","status-publish","has-post-thumbnail","hentry"],"_links":{"self":[{"href":"http:\/\/cirugiaplasticabertera.com\/index.php?rest_route=\/wp\/v2\/pages\/133","targetHints":{"allow":["GET"]}}],"collection":[{"href":"http:\/\/cirugiaplasticabertera.com\/index.php?rest_route=\/wp\/v2\/pages"}],"about":[{"href":"http:\/\/cirugiaplasticabertera.com\/index.php?rest_route=\/wp\/v2\/types\/page"}],"author":[{"embeddable":true,"href":"http:\/\/cirugiaplasticabertera.com\/index.php?rest_route=\/wp\/v2\/users\/1"}],"replies":[{"embeddable":true,"href":"http:\/\/cirugiaplasticabertera.com\/index.php?rest_route=%2Fwp%2Fv2%2Fcomments&post=133"}],"version-history":[{"count":105,"href":"http:\/\/cirugiaplasticabertera.com\/index.php?rest_route=\/wp\/v2\/pages\/133\/revisions"}],"predecessor-version":[{"id":4159,"href":"http:\/\/cirugiaplasticabertera.com\/index.php?rest_route=\/wp\/v2\/pages\/133\/revisions\/4159"}],"wp:featuredmedia":[{"embeddable":true,"href":"http:\/\/cirugiaplasticabertera.com\/index.php?rest_route=\/wp\/v2\/media\/3585"}],"wp:attachment":[{"href":"http:\/\/cirugiaplasticabertera.com\/index.php?rest_route=%2Fwp%2Fv2%2Fmedia&parent=133"}],"curies":[{"name":"wp","href":"https:\/\/api.w.org\/{rel}","templated":true}]}}