{"id":3507,"date":"2015-05-28T19:50:40","date_gmt":"2015-05-28T19:50:40","guid":{"rendered":"http:\/\/vo000055.ferozo.com\/?page_id=3507"},"modified":"2015-08-21T15:36:31","modified_gmt":"2015-08-21T15:36:31","slug":"curriculum-dr-matias-bertera","status":"publish","type":"page","link":"http:\/\/cirugiaplasticabertera.com\/?page_id=3507","title":{"rendered":"Curr\u00edculum \u2013 Dr. Matias Bertera"},"content":{"rendered":"<p><center><\/p>\n<table style=\"width: 70%;\">\n<tr>\n<td>\n<h2><strong>Antecedentes Curriculares<\/strong><\/h2>\n<p>\u2022 Carrera de Postgrado medico especialista en Cirug\u00eda Pl\u00e1stica y Reconstructiva &#8211; Universidad de Buenos Aires<br \/>\n\u2022 Residencia completa en Cirug\u00eda Pl\u00e1stica y Reconstructiva \u00abHospital de trauma y emergencia Federico Abete\u00bb, Malvinas Argentinas.Sede UBA<br \/>\n\u2022 Rotacion en Instituto Oncologico \u201cAngel Roffo\u201d. Servicio de Mastologia. Jefe de servicio: Dr. Eduardo Gonzalez .2015<br \/>\n\u2022 Rotacion en Servicio de Cirugia Plastica y reconstructiva en Hospital Britanico de Buenos Aires (2014).<br \/>\n\u2022 Titulo Medico Especialista en Cirugia General \u2013 Ministerio de salud de la Nacion.2012<br \/>\n\u2022 Residencia completa de Cirug\u00eda General en Hospital Espa\u00f1ol de Buenos Aires (2009-2012). Jefe de Servicio: Dr. Jos\u00e9 Novo Guell<br \/>\n\u2022 Rotaci\u00f3n Servicio de Cirug\u00eda Pl\u00e1stica, reconstructiva y quemados HIGA \u00abEva Per\u00f3n\u00bb de San Mart\u00edn. Jefe de Servicio: Dr. H\u00e9ctor Lanza (2012).<br \/>\n\u2022 Rotaci\u00f3n Servicio Cirug\u00eda Pl\u00e1stica y Reparadora Sanatorio G\u00fcemes Jefe de Servicio : Dr. Alejandro Beltrami (2011)<br \/>\n\u2022 Guardia de Cirug\u00eda Gral. Hospital Espa\u00f1ol de Buenos Aires 2011-2012<br \/>\n\u2022 Universidad de Buenos Aires &#8211; Facultad de Medicina &#8211; Titulo Medico &#8211; A\u00f1o 2008 &#8211; Promedio: 7.80<br \/>\n\u2022 Unidad Hospitalaria Docente e Internado anual Rotat\u00f3rio en Hospital de Cl\u00ednicas Jose de San Martin (2005-2008)<br \/>\n\u2022 Hospital General de Agudos Pedro Fiorito de Avellaneda:<br \/>\no Practicante Mayor 2006-2008<br \/>\no Practicante 2003-2005. Guardia General d\u00eda Jueves<\/p>\n<h2><strong>Antecedentes Cient\u00edficos<\/strong><\/h2>\n<h2>Cursos y congresos<\/h2>\n<p>\u2022 Argentina de Cirug\u00eda &#8211; A\u00f1o 2010. Director: Dr. Gustavo Timinesky XVI Simposio Internacional de Cirugia Plastica . II Body Contour ,Curso internacional de contorno corporal. Curso intracongreso de rinoplastia. S\u00e3o Paulo , Brasil. 2015<br \/>\n\u2022 XIX Simposio internacional de Cirugia Plastica \u201cSiglo XXI\u201d,UCA.Buenos Aires 2014<br \/>\n\u2022 Curso Superior de Rinoplastia Primaria- Catedra 2 de anatomia de Facultad de medicna- UBA. Profesor a cargo: Dr.Jose Giacomotti. 2014.<br \/>\n\u2022 Curso de Mamoplastia de Aumento \u2013 Jonshon &amp; Jonshon 2014.<br \/>\n\u2022 Curso Hands on de Cirug\u00eda Pl\u00e1stica Mamaria \u2013 Mentor 2013<br \/>\n\u2022 Jornada de Alopecia y Cirug\u00eda Capilar \u2013 Hospital Alem\u00e1n 2013<br \/>\n\u2022 Curso de postgrado en medicina est\u00e9tica &#8211; Consejo argentino de ciencias est\u00e9ticas(CACE) 2012.<br \/>\n\u2022 Simposio Internacional de Cirug\u00eda Pl\u00e1stica \u201cSiglo XXI\u201d 2012<br \/>\n\u2022 Curso para Residentes y M\u00e9dicos en formaci\u00f3n en Cirug\u00eda Pl\u00e1stica , Est\u00e9tica y Reparadora \u201cDr. Jos\u00e9 M. Robles\u201d 2012<br \/>\n\u2022 Curso de aplicaci\u00f3n de toxina botul\u00ednica y rellenos con biomateriales-Escuela de Medicina Est\u00e9tica Avicena 2012<br \/>\n\u2022 Curso de envejecimiento facial- Escuela de Medicina Est\u00e9tica Avicena 2012<br \/>\n\u2022 Curso Anual de Cirug\u00eda General 2011. Asociaci\u00f3n Argentina de Cirug\u00eda. Director Dr. Rub\u00e9n Padin<br \/>\n\u2022 82\u00b0 Congreso Argentino de Cirug\u00eda 2011<br \/>\n\u2022 Curso Anual De Trauma \u00abProf. Dr. Miguel \u00c1ngel G\u00f3mez\u00bb Asociaci\u00f3n<br \/>\n\u2022 Curso Emergencias M\u00e9dicas 2010 Hospital Espa\u00f1ol (40hs c\u00e1tedra) &#8211; Director: Dr. Federico Alem<br \/>\n\u2022 PROACI 2010(Programa de actualizaci\u00f3n en cirug\u00eda)<br \/>\n\u2022 Simposio en diagn\u00f3stico por im\u00e1genes en patolog\u00eda aguda de hipocondrio derecho y fosa iliaca derecha.(2010)<br \/>\n\u2022 81\u00b0 Congreso Argentino de Cirug\u00eda 2010<br \/>\n\u2022 Curso R.C.P b\u00e1sico en Sociedad argentina de Cardiolog\u00eda &#8211; A\u00f1o 2009<br \/>\n\u2022 Jornada de Actualizaci\u00f3n en trauma 2007. Manejo del Paciente traumatizado Pre\/intrahospitalario.<\/p>\n<h2><strong>Trabajos Presentados<\/strong><\/h2>\n<p>\u2022 Sesi\u00f3n de Video\u00bbHernioplastia libre de tensi\u00f3n en hernia inguino escrotal\u00bb. 82\u00b0Congreso Argentino de Cirug\u00eda 2011<br \/>\n\u2022 Sesi\u00f3n de Video \u00bb Mallas de poliglactina y polipropileno, Alternativa de tratamiento en eventraciones\u00bb 82\u00b0 Congreso Argentino de Cirug\u00eda 2011<br \/>\n\u2022 Lamina P\u00e1ncreas Divisum &#8211; 81\u00b0Congreso Argentino de Cirug\u00eda 2010<br \/>\n\u2022 Lamina Divert\u00edculo de Zenker &#8211; 80\u00b0Congreso Argentino de Cirug\u00eda 2009<\/p>\n<p>\u201cEl Doctor Bertera se encuentra siempre a la vanguardia de los procedimientos est\u00e9ticos y tecnolog\u00eda medica mas moderna y efectiva , concurriendo y participando activamente en congresos tanto nacionales con internacionales\u201d\n<\/td>\n<\/tr>\n<\/table>\n<p><\/center><\/p>\n","protected":false},"excerpt":{"rendered":"<p>Antecedentes Curriculares \u2022 Carrera de Postgrado medico especialista en Cirug\u00eda Pl\u00e1stica y Reconstructiva &#8211; Universidad de Buenos Aires \u2022 Residencia completa en Cirug\u00eda Pl\u00e1stica y Reconstructiva \u00abHospital de trauma y emergencia Federico Abete\u00bb, Malvinas Argentinas.Sede UBA \u2022 Rotacion en Instituto Oncologico \u201cAngel Roffo\u201d. Servicio de Mastologia. Jefe de servicio: Dr. Eduardo Gonzalez .2015 \u2022 Rotacion en Servicio de Cirugia Plastica y reconstructiva en Hospital Britanico de Buenos Aires (2014). \u2022 Titulo Medico Especialista en Cirugia General \u2013 Ministerio de salud de la Nacion.2012 \u2022 Residencia completa de Cirug\u00eda General en Hospital Espa\u00f1ol de Buenos Aires (2009-2012). Jefe de Servicio: Dr. Jos\u00e9 Novo Guell \u2022 Rotaci\u00f3n Servicio de Cirug\u00eda Pl\u00e1stica, reconstructiva y quemados HIGA \u00abEva Per\u00f3n\u00bb de San Mart\u00edn. Jefe de Servicio: Dr. H\u00e9ctor Lanza (2012). \u2022 Rotaci\u00f3n Servicio Cirug\u00eda Pl\u00e1stica y Reparadora Sanatorio G\u00fcemes Jefe de Servicio : Dr. Alejandro Beltrami (2011) \u2022 Guardia de Cirug\u00eda Gral. Hospital Espa\u00f1ol de Buenos Aires 2011-2012 \u2022 Universidad de Buenos Aires &#8211; Facultad de Medicina &#8211; Titulo Medico &#8211; A\u00f1o 2008 &#8211; Promedio: 7.80 \u2022 Unidad Hospitalaria Docente e Internado anual Rotat\u00f3rio en Hospital de Cl\u00ednicas Jose de San Martin (2005-2008) \u2022 Hospital General de Agudos Pedro Fiorito de Avellaneda: o Practicante Mayor 2006-2008 o Practicante 2003-2005. Guardia General d\u00eda Jueves Antecedentes Cient\u00edficos Cursos y congresos \u2022 Argentina de Cirug\u00eda &#8211; A\u00f1o 2010. Director: Dr. Gustavo Timinesky XVI Simposio Internacional de Cirugia Plastica . II Body Contour ,Curso internacional de contorno corporal. Curso intracongreso de rinoplastia. S\u00e3o Paulo , Brasil. 2015 \u2022 XIX Simposio internacional de Cirugia Plastica \u201cSiglo XXI\u201d,UCA.Buenos Aires 2014 \u2022 Curso Superior de Rinoplastia Primaria- Catedra 2 de anatomia de Facultad de medicna- UBA. Profesor a cargo: Dr.Jose Giacomotti. 2014. \u2022 Curso de Mamoplastia de Aumento \u2013 Jonshon &amp; Jonshon 2014. \u2022 Curso Hands on de Cirug\u00eda Pl\u00e1stica Mamaria \u2013 Mentor 2013 \u2022 Jornada de Alopecia y Cirug\u00eda Capilar \u2013 Hospital Alem\u00e1n 2013 \u2022 Curso de postgrado en medicina est\u00e9tica &#8211; Consejo argentino de ciencias est\u00e9ticas(CACE) 2012. \u2022 Simposio Internacional de Cirug\u00eda Pl\u00e1stica \u201cSiglo XXI\u201d 2012 \u2022 Curso para Residentes y M\u00e9dicos en formaci\u00f3n en Cirug\u00eda Pl\u00e1stica , Est\u00e9tica y [&hellip;]<\/p>\n","protected":false},"author":1,"featured_media":0,"parent":0,"menu_order":0,"comment_status":"open","ping_status":"open","template":"","meta":{"footnotes":""},"class_list":["post-3507","page","type-page","status-publish","hentry"],"_links":{"self":[{"href":"http:\/\/cirugiaplasticabertera.com\/index.php?rest_route=\/wp\/v2\/pages\/3507","targetHints":{"allow":["GET"]}}],"collection":[{"href":"http:\/\/cirugiaplasticabertera.com\/index.php?rest_route=\/wp\/v2\/pages"}],"about":[{"href":"http:\/\/cirugiaplasticabertera.com\/index.php?rest_route=\/wp\/v2\/types\/page"}],"author":[{"embeddable":true,"href":"http:\/\/cirugiaplasticabertera.com\/index.php?rest_route=\/wp\/v2\/users\/1"}],"replies":[{"embeddable":true,"href":"http:\/\/cirugiaplasticabertera.com\/index.php?rest_route=%2Fwp%2Fv2%2Fcomments&post=3507"}],"version-history":[{"count":14,"href":"http:\/\/cirugiaplasticabertera.com\/index.php?rest_route=\/wp\/v2\/pages\/3507\/revisions"}],"predecessor-version":[{"id":3919,"href":"http:\/\/cirugiaplasticabertera.com\/index.php?rest_route=\/wp\/v2\/pages\/3507\/revisions\/3919"}],"wp:attachment":[{"href":"http:\/\/cirugiaplasticabertera.com\/index.php?rest_route=%2Fwp%2Fv2%2Fmedia&parent=3507"}],"curies":[{"name":"wp","href":"https:\/\/api.w.org\/{rel}","templated":true}]}}