{"id":59,"date":"2013-08-07T13:08:00","date_gmt":"2013-08-07T13:08:00","guid":{"rendered":"http:\/\/doctor.madza-wordpress-premium-themes.com\/?page_id=59"},"modified":"2017-05-15T14:21:24","modified_gmt":"2017-05-15T14:21:24","slug":"contacto","status":"publish","type":"page","link":"http:\/\/cirugiaplasticabertera.com\/?page_id=59","title":{"rendered":"Contacto"},"content":{"rendered":"<div class=\"mt_style_row \" style='  text-align:left;'><div class=\"container mt-madza-container\"><div class=\"row\"><\/p>\n<div class=\"vc_col-sm-6 wpb_column vc_column_container \">\n\t\t<div class=\"wpb_wrapper\">\n\t\t\t<br \/>\n\n\t<div class=\"wpb_text_column wpb_content_element \">\n\t\t<div class=\"wpb_wrapper\">\n\t\t\t<h2>Para solicitar Turno Online: <a href=\"http:\/\/cirugiaplasticabertera.com\/?page_id=4137\">Click Ac\u00e1<\/a><\/h2>\n<h2>Si ten\u00e9s alguna consulta, complet\u00e1 el formulario:<\/h2>\n\n\t\t<\/div> \n\t<\/div>\n<div role=\"form\"  dir=\"ltr\">\n<div class=\"screen-reader-response\"><\/div>\n<form action=\"gracias.php\" method=\"post\" class=\"\">\n<p>Nombre y Apellido<br \/>\n    <span class=\"wpcf7-form-control-wrap your-name\"><input type=\"text\" name=\"nombre\" value=\"\" size=\"40\" class=\"wpcf7-form-control wpcf7-text wpcf7-validates-as-required\" aria-required=\"true\" aria-invalid=\"false\"><\/span> <\/p>\n<p>Email<br \/>\n    <span class=\"wpcf7-form-control-wrap your-email\"><input type=\"email\" name=\"email\" value=\"\" size=\"40\" class=\"wpcf7-form-control wpcf7-text wpcf7-email wpcf7-validates-as-required wpcf7-validates-as-email\" aria-required=\"true\" aria-invalid=\"false\"><\/span> <\/p>\n<p>Tel\u00e9fono<br \/>\n   <span class=\"wpcf7-form-control-wrap tel-745\"><input type=\"tel\" name=\"telefono\" value=\"\" size=\"40\" class=\"wpcf7-form-control wpcf7-text wpcf7-tel wpcf7-validates-as-tel\" aria-invalid=\"false\"><\/span> <\/p>\n<p>Consulta<br \/>\n    <span class=\"wpcf7-form-control-wrap your-message\"><textarea name=\"consulta\" cols=\"40\" rows=\"10\" class=\"wpcf7-form-control wpcf7-textarea\" aria-invalid=\"false\"><\/textarea><\/span> <\/p>\n<p><input type=\"submit\" value=\"Enviar\" style=\"\n    background-color: white!important;\ncursor: pointer; font-size: 14px; line-height: 1; width: 120px;    padding: 9px 12px 9px 12px; margin-top: 0px; margin-bottom: 5px; margin-right: 10px; text-align: center; display: inline-block; border: 1px solid #CECECE!important; color: #444; border-bottom: 1px solid #ACACAC!important; -webkit-box-shadow: inset 0 1px 0 0 #fff; -moz-box-shadow: inset 0 1px 0 0 #fff; box-shadow: inset 0 1px 0 0 #fff; border-top: 1px solid #EFEFEF!important; \" name=\"enviar\" onClick=\"document.getElementById('spinLoader').style.display='inline-block';\" class=\"wpcf7-form-control\"><span id=\"spinLoader\" style=\"display: none;\"><img decoding=\"async\" src=\"http:\/\/cirugiaplasticabertera.com\/wp-content\/plugins\/contact-form-7\/images\/ajax-loader.gif\" \/><\/span><\/p>\n<div class=\"wpcf7-response-output wpcf7-display-none\"><\/div>\n<\/form>\n<\/div>\n<p>\n\t\t<\/div> \n\t<\/div> \n<br \/>\n\n\t<div class=\"vc_col-sm-6 wpb_column vc_column_container \">\n\t\t<div class=\"wpb_wrapper\">\n\t\t\t<br \/>\n\n\t<div class=\"wpb_text_column wpb_content_element  wpb_animate_when_almost_visible wpb_top-to-bottom\">\n\t\t<div class=\"wpb_wrapper\">\n\t\t\t<p><img loading=\"lazy\" decoding=\"async\" class=\"alignnone wp-image-4129 size-full\" src=\"http:\/\/cirugiaplasticabertera.com\/wp-content\/uploads\/2015\/04\/promo-first-350x500.png\" alt=\"promo-first\" width=\"500\" height=\"350\" srcset=\"http:\/\/cirugiaplasticabertera.com\/wp-content\/uploads\/2015\/04\/promo-first-350x500.png 500w, http:\/\/cirugiaplasticabertera.com\/wp-content\/uploads\/2015\/04\/promo-first-350x500-768x537.png 768w\" sizes=\"auto, (max-width: 500px) 100vw, 500px\" \/><\/p>\n\n\t\t<\/div> \n\t<\/div> <br \/>\n\n\t\t<\/div> \n\t<\/div>\n<p><\/div><\/div><\/div>\n","protected":false},"excerpt":{"rendered":"Para solicitar Turno Online: Click Ac\u00e1 Si ten\u00e9s alguna consulta, complet\u00e1 el formulario: Nombre y Apellido Email Tel\u00e9fono Consulta","protected":false},"author":1,"featured_media":0,"parent":0,"menu_order":0,"comment_status":"closed","ping_status":"closed","template":"","meta":{"footnotes":""},"class_list":["post-59","page","type-page","status-publish","hentry"],"_links":{"self":[{"href":"http:\/\/cirugiaplasticabertera.com\/index.php?rest_route=\/wp\/v2\/pages\/59","targetHints":{"allow":["GET"]}}],"collection":[{"href":"http:\/\/cirugiaplasticabertera.com\/index.php?rest_route=\/wp\/v2\/pages"}],"about":[{"href":"http:\/\/cirugiaplasticabertera.com\/index.php?rest_route=\/wp\/v2\/types\/page"}],"author":[{"embeddable":true,"href":"http:\/\/cirugiaplasticabertera.com\/index.php?rest_route=\/wp\/v2\/users\/1"}],"replies":[{"embeddable":true,"href":"http:\/\/cirugiaplasticabertera.com\/index.php?rest_route=%2Fwp%2Fv2%2Fcomments&post=59"}],"version-history":[{"count":33,"href":"http:\/\/cirugiaplasticabertera.com\/index.php?rest_route=\/wp\/v2\/pages\/59\/revisions"}],"predecessor-version":[{"id":4179,"href":"http:\/\/cirugiaplasticabertera.com\/index.php?rest_route=\/wp\/v2\/pages\/59\/revisions\/4179"}],"wp:attachment":[{"href":"http:\/\/cirugiaplasticabertera.com\/index.php?rest_route=%2Fwp%2Fv2%2Fmedia&parent=59"}],"curies":[{"name":"wp","href":"https:\/\/api.w.org\/{rel}","templated":true}]}}